{"id":105,"date":"2013-08-11T19:06:15","date_gmt":"2013-08-11T19:06:15","guid":{"rendered":"http:\/\/localhost:8888\/test\/?page_id=520"},"modified":"2018-12-18T14:02:37","modified_gmt":"2018-12-18T14:02:37","slug":"about","status":"publish","type":"page","link":"https:\/\/sosmedecinmarrakech.com\/ar\/%d8%b9%d9%86%d8%a7%d8%b5%d8%b1\/%d8%a7%d9%84%d8%b5%d9%81%d8%ad%d8%a7%d8%aa\/about\/","title":{"rendered":"About"},"content":{"rendered":"<div class=\"banner has-hover has-parallax\" id=\"banner-1308101825\">\n          <div class=\"banner-inner fill\">\n        <div class=\"banner-bg fill\" data-parallax=\"-3\" data-parallax-container=\".banner\" data-parallax-background>\n            <div class=\"bg fill bg-fill\"><\/div>\n                        <div class=\"overlay\"><\/div>            \n                    <\/div><!-- bg-layers -->\n        <div class=\"banner-layers container\">\n            <div class=\"fill banner-link\"><\/div>            \n   <div id=\"text-box-1724966169\" class=\"text-box banner-layer x50 md-x50 lg-x50 y80 md-y80 lg-y80 res-text\">\n                                <div class=\"text dark\">\n              \n              <div class=\"text-inner text-center\">\n                  \n<h1 class=\"lead\">A Propos De Nous<\/h1>\n<p class=\"lead\">sos M\u00e9decin Marrakech est un service d\u2019\u00e9coute m\u00e9dicale 24h\/24 et 7j\/7. Votre sant\u00e9 est notre priorit\u00e9&#8230;..<\/p>\n<h2>06 06 320 320<\/h2>\n              <\/div>\n           <\/div><!-- text-box-inner -->\n                            \n<style scope=\"scope\">\n\n#text-box-1724966169 {\n  width: 60%;\n}\n#text-box-1724966169 .text {\n  font-size: 100%;\n}\n<\/style>\n    <\/div><!-- text-box -->\n \n        <\/div><!-- .banner-layers -->\n      <\/div><!-- .banner-inner -->\n\n            \n<style scope=\"scope\">\n\n#banner-1308101825 {\n  padding-top: 507px;\n}\n#banner-1308101825 .bg.bg-loaded {\n  background-image: url(https:\/\/sosmedecinmarrakech.com\/wp-content\/uploads\/2018\/12\/05-50-secrets-hospitals-some-ugly-truths-1200x800.jpg);\n}\n#banner-1308101825 .overlay {\n  background-color: rgba(0, 0, 0, 0.49);\n}\n<\/style>\n  <\/div><!-- .banner -->\n\n\n<div class=\"row\"  id=\"row-2037526595\">\n<div class=\"col small-12 large-12\"  ><div class=\"col-inner\"  >\n<p><strong>Lorsque vous t\u00e9l\u00e9phonez, sos medecin marrakech vous demandera de r\u00e9pondre \u00e0 des questions pour \u00e9valuer votre probl\u00e8me de sant\u00e9 et de vous mettre en contact avec le m\u00e9decin adapt\u00e9 \u00e0 votre demande d\u2019information.<\/strong><\/p>\n<p><strong>Les m\u00e9decins du\u00a0Service T\u00e9l\u00e9-conseil m\u00e9dical de sos medecin marrakech ne diagnostiqueront pas votre maladie, n\u2019effectuant aucune consultation\u00a0 et ils ne vous prescriront pas de m\u00e9dicaments. Leur t\u00e2che consiste sp\u00e9cifiquement \u00e0 vous faire comprendre le type de maladie qui vous concerne, puis vous diriger vers le niveau de soins le plus appropri\u00e9 ou ils vous orienteront sur\u00a0\u00a0un professionnel de sant\u00e9 (m\u00e9decins, centres de soins, h\u00f4pitaux, cliniques\u2026) dans la proximit\u00e9 de votre lieu de r\u00e9sidence.<\/strong><\/p>\n<p><strong>\u00a0Le\u00a0Service M\u00e9dical de sos Medecin marrakech vous aidera \u00e0 d\u00e9cider s\u2019il vaut mieux\u00a0:<\/strong><\/p>\n<ul>\n<li><strong>traiter avec medecin sos;<\/strong><\/li>\n<li><strong>aller \u00e0 l\u2019urgence d\u2019un h\u00f4pital.<\/strong><\/li>\n<li><strong>communiquer avec un service communautaire<\/strong><\/li>\n<li><strong>aller \u00e0 l\u2019urgence d\u2019une clinique;<\/strong><\/li>\n<\/ul>\n<p><strong>Toute personne du Maroc ou de l\u2019\u00e9tranger peut appeler le\u00a0Service sos medecin marrakech pour poser une question en mati\u00e8re de sant\u00e9. Ce service est\u00a0:<\/strong><\/p>\n<ul>\n<li><strong>confidentiel \u2013 il est de rigueur\u00a0\u00a0que l\u2019on vous demande de fournir des informations personnelles telles que (Votre nom, \u00e2ge, adresse, un N\u00b0 de T\u00e9l.)<\/strong><\/li>\n<li><strong>assur\u00e9 en arabe, fran\u00e7ais et en anglais<\/strong><\/li>\n<\/ul>\n<p><strong>Ce que vous pouvez demander ?<\/strong><\/p>\n<p><strong>Vous pouvez communiquer avec le\u00a0Service T\u00e9l\u00e9-conseil m\u00e9dical de sos m\u00e9decin marrakech 24 heures sur 24, 7 jours sur 7 , lorsque vous avez des questions ou des pr\u00e9occupations en mati\u00e8re de sant\u00e9, telles que\u00a0:<\/strong><\/p>\n<ul>\n<li><strong>une maladie ou une blessure pouvant n\u00e9cessiter des soins m\u00e9dicaux;<\/strong><\/li>\n<li><strong>un mal qui refuse de gu\u00e9rir ou qui revient sans cesse;<\/strong><\/li>\n<li><strong>l\u2019alimentation et les styles de vie sains;<\/strong><\/li>\n<li><strong>la sant\u00e9 ou les probl\u00e8mes des jeunes;<\/strong><\/li>\n<li><strong>la d\u00e9pression, le suicide ou d\u2019autres pr\u00e9occupations en mati\u00e8re de sant\u00e9 mentale;<\/strong><\/li>\n<li><strong>les m\u00e9dicaments ou les interactions entre les m\u00e9dicaments;<\/strong><\/li>\n<li><strong>l\u2019allaitement.<\/strong><\/li>\n<\/ul>\n<div class=\"text-center\"><div class=\"is-divider divider clearfix\" ><\/div><\/div><!-- .divider -->\n<\/div><\/div>\n<\/div>","protected":false},"excerpt":{"rendered":"","protected":false},"author":1,"featured_media":27,"parent":62,"menu_order":0,"comment_status":"closed","ping_status":"closed","template":"page-transparent-header-light.php","meta":{"footnotes":""},"yst_prominent_words":[78,85,76,75,69,87,71,98,96,90,81,67,94,83,65,92,72],"class_list":["post-105","page","type-page","status-publish","has-post-thumbnail","hentry"],"_links":{"self":[{"href":"https:\/\/sosmedecinmarrakech.com\/ar\/wp-json\/wp\/v2\/pages\/105","targetHints":{"allow":["GET"]}}],"collection":[{"href":"https:\/\/sosmedecinmarrakech.com\/ar\/wp-json\/wp\/v2\/pages"}],"about":[{"href":"https:\/\/sosmedecinmarrakech.com\/ar\/wp-json\/wp\/v2\/types\/page"}],"author":[{"embeddable":true,"href":"https:\/\/sosmedecinmarrakech.com\/ar\/wp-json\/wp\/v2\/users\/1"}],"replies":[{"embeddable":true,"href":"https:\/\/sosmedecinmarrakech.com\/ar\/wp-json\/wp\/v2\/comments?post=105"}],"version-history":[{"count":7,"href":"https:\/\/sosmedecinmarrakech.com\/ar\/wp-json\/wp\/v2\/pages\/105\/revisions"}],"predecessor-version":[{"id":300,"href":"https:\/\/sosmedecinmarrakech.com\/ar\/wp-json\/wp\/v2\/pages\/105\/revisions\/300"}],"up":[{"embeddable":true,"href":"https:\/\/sosmedecinmarrakech.com\/ar\/wp-json\/wp\/v2\/pages\/62"}],"wp:featuredmedia":[{"embeddable":true,"href":"https:\/\/sosmedecinmarrakech.com\/ar\/wp-json\/wp\/v2\/media\/27"}],"wp:attachment":[{"href":"https:\/\/sosmedecinmarrakech.com\/ar\/wp-json\/wp\/v2\/media?parent=105"}],"wp:term":[{"taxonomy":"yst_prominent_words","embeddable":true,"href":"https:\/\/sosmedecinmarrakech.com\/ar\/wp-json\/wp\/v2\/yst_prominent_words?post=105"}],"curies":[{"name":"wp","href":"https:\/\/api.w.org\/{rel}","templated":true}]}}